{"id":85,"date":"2026-01-26T23:08:00","date_gmt":"2026-01-26T23:08:00","guid":{"rendered":"https:\/\/meta.consult4media.de\/?page_id=85"},"modified":"2026-01-26T23:09:27","modified_gmt":"2026-01-26T23:09:27","slug":"impressum","status":"publish","type":"page","link":"https:\/\/meta.consult4media.de\/?page_id=85","title":{"rendered":"Impressum"},"content":{"rendered":"\t\t<div data-elementor-type=\"wp-page\" data-elementor-id=\"85\" class=\"elementor elementor-85\" data-elementor-post-type=\"page\">\n\t\t\t\t<div class=\"elementor-element elementor-element-f290c3f e-flex e-con-boxed e-con e-parent\" data-id=\"f290c3f\" data-element_type=\"container\" data-settings=\"{&quot;jet_parallax_layout_list&quot;:[]}\">\n\t\t\t\t\t<div class=\"e-con-inner\">\n\t\t\t\t<div class=\"elementor-element elementor-element-6b2de0c elementor-widget elementor-widget-spacer\" data-id=\"6b2de0c\" data-element_type=\"widget\" data-widget_type=\"spacer.default\">\n\t\t\t\t\t\t\t<div class=\"elementor-spacer\">\n\t\t\t<div class=\"elementor-spacer-inner\"><\/div>\n\t\t<\/div>\n\t\t\t\t\t\t<\/div>\n\t\t\t\t<div class=\"elementor-element elementor-element-5e1b6c9 elementor-widget elementor-widget-heading\" data-id=\"5e1b6c9\" data-element_type=\"widget\" data-widget_type=\"heading.default\">\n\t\t\t\t\t<h2 class=\"elementor-heading-title elementor-size-default\">Impressum<\/h2>\t\t\t\t<\/div>\n\t\t\t\t\t<\/div>\n\t\t\t\t<\/div>\n\t\t<div class=\"elementor-element elementor-element-1457258 e-flex e-con-boxed e-con e-parent\" data-id=\"1457258\" data-element_type=\"container\" data-settings=\"{&quot;jet_parallax_layout_list&quot;:[]}\">\n\t\t\t\t\t<div class=\"e-con-inner\">\n\t\t\t\t<div class=\"elementor-element elementor-element-11961c9 elementor-widget elementor-widget-text-editor\" data-id=\"11961c9\" data-element_type=\"widget\" data-widget_type=\"text-editor.default\">\n\t\t\t\t\t\t\t\t\t<p>Gesetzliche Anbieterkennung:<\/p><p><strong><br \/>Consult 4 Media Bastian Loos<br \/>Friedrich-Ebert-Str. 16a<br \/>06231 Bad D\u00fcrrenberg<br \/>Deutschland<br \/>Telefon: 03462\/8709982<br \/>E-Mail:\u00a0info (at) consult4media.de<\/strong><strong><br \/>USt-IdNr.: DE316214005<\/strong><\/p><p><strong>Alternative Streitbeilegung:<\/strong><br \/>Die Europ\u00e4ische Kommission stellt eine Plattform f\u00fcr die au\u00dfergerichtliche Online-Streitbeilegung (OS-Plattform) bereit, aufrufbar unter\u00a0<a href=\"https:\/\/ec.europa.eu\/odr\" target=\"_blank\" rel=\"noreferrer noopener\" data-cmp-ab=\"2\">https:\/\/ec.europa.eu\/odr<\/a>.<\/p><p><strong>Wir sind seit\u00a017.11.2018\u00a0Mitglied der Initiative \u201eFairCommerce\u201c.<\/strong><br \/>N\u00e4here Informationen hierzu finden Sie unter www.fair-commerce.de.<strong>Quellangaben:<\/strong><\/p><p>Adobe Stock\u2013 Datei: #697851436 | Urheber:\u00a0<a href=\"https:\/\/de.fotolia.com\/p\/200934261\" data-cmp-ab=\"2\">Marina<\/a><\/p><p>Adobe Stock\u2013 Datei: #724687926| Urheber:\u00a0<a href=\"https:\/\/de.fotolia.com\/p\/200934261\" data-cmp-ab=\"2\">ckybe<\/a><\/p><p>Adobe Stock\u2013 Datei: #685366996| Urheber:\u00a0<a href=\"https:\/\/stock.adobe.com\/de\/contributor\/211253226\/cad3d-expert?load_type=author&amp;prev_url=detail\" data-cmp-ab=\"2\">Cad3D.Expert<\/a><\/p><p>Adobe Stock\u2013 Datei: #1040072895| Urheber:\u00a0<a href=\"https:\/\/stock.adobe.com\/de\/contributor\/207696009\/johannes?load_type=author&amp;prev_url=detail\" data-cmp-ab=\"2\">Johannes<\/a><\/p><p>Adobe Stock\u2013 Datei: #705702165| Urheber:<a href=\"https:\/\/stock.adobe.com\/de\/contributor\/211177916\/pakin?load_type=author&amp;prev_url=detail\" data-cmp-ab=\"2\">Pakin<\/a><\/p><p>Adobe Stock\u2013 Datei: #305410581| Urheber:<a href=\"https:\/\/stock.adobe.com\/de\/contributor\/211177916\/pakin?load_type=author&amp;prev_url=detail\" data-cmp-ab=\"2\">\u00a0<\/a><a href=\"https:\/\/stock.adobe.com\/de\/contributor\/208513734\/justlife?load_type=author&amp;prev_url=detail\" data-cmp-ab=\"2\">JustLife<\/a><\/p><p>Adobe Stock\u2013 Datei: #520743829| Urheber:<a href=\"https:\/\/stock.adobe.com\/de\/contributor\/211177916\/pakin?load_type=author&amp;prev_url=detail\" data-cmp-ab=\"2\">\u00a0<\/a><a href=\"https:\/\/stock.adobe.com\/de\/contributor\/209981644\/jlco-julia-amaral?load_type=author&amp;prev_url=detail\" data-cmp-ab=\"2\">(JLco) Julia Amaral<\/a><\/p><p>Adobe Stock\u2013 Datei: #827449141| Urheber:<a href=\"https:\/\/stock.adobe.com\/de\/contributor\/211177916\/pakin?load_type=author&amp;prev_url=detail\" data-cmp-ab=\"2\">\u00a0<\/a><a href=\"https:\/\/stock.adobe.com\/de\/contributor\/210916709\/anastasiia?load_type=author&amp;prev_url=detail\" data-cmp-ab=\"2\">Anastasiia<\/a><\/p>\t\t\t\t\t\t\t\t<\/div>\n\t\t\t\t\t<\/div>\n\t\t\t\t<\/div>\n\t\t\t\t<\/div>\n\t\t","protected":false},"excerpt":{"rendered":"<p>Impressum Gesetzliche Anbieterkennung: Consult 4 Media Bastian LoosFriedrich-Ebert-Str. 16a06231 Bad D\u00fcrrenbergDeutschlandTelefon: 03462\/8709982E-Mail:\u00a0info (at) consult4media.deUSt-IdNr.: DE316214005 Alternative Streitbeilegung:Die Europ\u00e4ische Kommission stellt eine Plattform f\u00fcr die au\u00dfergerichtliche Online-Streitbeilegung (OS-Plattform) bereit, aufrufbar unter\u00a0https:\/\/ec.europa.eu\/odr. Wir sind seit\u00a017.11.2018\u00a0Mitglied der Initiative \u201eFairCommerce\u201c.N\u00e4here Informationen hierzu finden Sie unter www.fair-commerce.de.Quellangaben: Adobe Stock\u2013 Datei: #697851436 | Urheber:\u00a0Marina Adobe Stock\u2013 Datei: #724687926| Urheber:\u00a0ckybe Adobe Stock\u2013 [&hellip;]<\/p>\n","protected":false},"author":1,"featured_media":0,"parent":0,"menu_order":0,"comment_status":"closed","ping_status":"closed","template":"","meta":{"footnotes":""},"class_list":["post-85","page","type-page","status-publish","hentry"],"_links":{"self":[{"href":"https:\/\/meta.consult4media.de\/index.php?rest_route=\/wp\/v2\/pages\/85","targetHints":{"allow":["GET"]}}],"collection":[{"href":"https:\/\/meta.consult4media.de\/index.php?rest_route=\/wp\/v2\/pages"}],"about":[{"href":"https:\/\/meta.consult4media.de\/index.php?rest_route=\/wp\/v2\/types\/page"}],"author":[{"embeddable":true,"href":"https:\/\/meta.consult4media.de\/index.php?rest_route=\/wp\/v2\/users\/1"}],"replies":[{"embeddable":true,"href":"https:\/\/meta.consult4media.de\/index.php?rest_route=%2Fwp%2Fv2%2Fcomments&post=85"}],"version-history":[{"count":7,"href":"https:\/\/meta.consult4media.de\/index.php?rest_route=\/wp\/v2\/pages\/85\/revisions"}],"predecessor-version":[{"id":92,"href":"https:\/\/meta.consult4media.de\/index.php?rest_route=\/wp\/v2\/pages\/85\/revisions\/92"}],"wp:attachment":[{"href":"https:\/\/meta.consult4media.de\/index.php?rest_route=%2Fwp%2Fv2%2Fmedia&parent=85"}],"curies":[{"name":"wp","href":"https:\/\/api.w.org\/{rel}","templated":true}]}}